{"id":2180,"date":"2026-04-16T09:31:59","date_gmt":"2026-04-16T09:31:59","guid":{"rendered":"https:\/\/dreamy-jang.82-223-67-228.plesk.page\/?post_type=product&#038;p=2180"},"modified":"2026-04-16T09:32:54","modified_gmt":"2026-04-16T09:32:54","slug":"2180","status":"publish","type":"product","link":"https:\/\/dreamy-jang.82-223-67-228.plesk.page\/index.php\/producto\/2180\/","title":{"rendered":""},"content":{"rendered":"<p>Bot\u00edn de cu\u00f1a para mujer, c\u00f3modo y dise\u00f1o elegante. Detalles de costura con cierre de cremallera, tirador trasero. Ideales para Oto\u00f1o Invierno<\/p>\n","protected":false},"excerpt":{"rendered":"<p>Bot\u00edn de cu\u00f1a para mujer, c\u00f3modo y dise\u00f1o elegante. Detalles de costura y doble cremallera<\/p>\n","protected":false},"featured_media":2221,"comment_status":"open","ping_status":"closed","template":"","meta":[],"product_brand":[],"product_cat":[14],"product_tag":[],"class_list":{"0":"post-2180","1":"product","2":"type-product","3":"status-publish","4":"has-post-thumbnail","6":"product_cat-sin-categorizar","8":"first","9":"outofstock","10":"shipping-taxable","11":"purchasable","12":"product-type-variable"},"_links":{"self":[{"href":"https:\/\/dreamy-jang.82-223-67-228.plesk.page\/index.php\/wp-json\/wp\/v2\/product\/2180","targetHints":{"allow":["GET"]}}],"collection":[{"href":"https:\/\/dreamy-jang.82-223-67-228.plesk.page\/index.php\/wp-json\/wp\/v2\/product"}],"about":[{"href":"https:\/\/dreamy-jang.82-223-67-228.plesk.page\/index.php\/wp-json\/wp\/v2\/types\/product"}],"replies":[{"embeddable":true,"href":"https:\/\/dreamy-jang.82-223-67-228.plesk.page\/index.php\/wp-json\/wp\/v2\/comments?post=2180"}],"version-history":[{"count":1,"href":"https:\/\/dreamy-jang.82-223-67-228.plesk.page\/index.php\/wp-json\/wp\/v2\/product\/2180\/revisions"}],"predecessor-version":[{"id":2222,"href":"https:\/\/dreamy-jang.82-223-67-228.plesk.page\/index.php\/wp-json\/wp\/v2\/product\/2180\/revisions\/2222"}],"wp:featuredmedia":[{"embeddable":true,"href":"https:\/\/dreamy-jang.82-223-67-228.plesk.page\/index.php\/wp-json\/wp\/v2\/media\/2221"}],"wp:attachment":[{"href":"https:\/\/dreamy-jang.82-223-67-228.plesk.page\/index.php\/wp-json\/wp\/v2\/media?parent=2180"}],"wp:term":[{"taxonomy":"product_brand","embeddable":true,"href":"https:\/\/dreamy-jang.82-223-67-228.plesk.page\/index.php\/wp-json\/wp\/v2\/product_brand?post=2180"},{"taxonomy":"product_cat","embeddable":true,"href":"https:\/\/dreamy-jang.82-223-67-228.plesk.page\/index.php\/wp-json\/wp\/v2\/product_cat?post=2180"},{"taxonomy":"product_tag","embeddable":true,"href":"https:\/\/dreamy-jang.82-223-67-228.plesk.page\/index.php\/wp-json\/wp\/v2\/product_tag?post=2180"}],"curies":[{"name":"wp","href":"https:\/\/api.w.org\/{rel}","templated":true}]}}